{"id":571,"date":"2020-11-15T16:27:40","date_gmt":"2020-11-15T16:27:40","guid":{"rendered":"https:\/\/www.ddcreation.be\/ohresto\/restaurant\/"},"modified":"2024-03-20T16:02:54","modified_gmt":"2024-03-20T15:02:54","slug":"restaurant","status":"publish","type":"page","link":"https:\/\/www.ohrestaurant.be\/fr\/restaurant\/","title":{"rendered":"RESTAURANT"},"content":{"rendered":"<p>[vc_row][vc_column][vc_empty_space height=\u00a0\u00bb45px\u00a0\u00bb][vc_column_text]<\/p>\n<h1 style=\"text-align: center;\">Restaurant<\/h1>\n<p>[\/vc_column_text][vc_empty_space height=\u00a0\u00bb45px\u00a0\u00bb][\/vc_column][\/vc_row][vc_row][vc_column width=\u00a0\u00bb1\/4&Prime;]\n\t\t\t<div class=\"nm_btn_align_left\">\n\t\t\t\t<a href=\"https:\/\/www.ohrestaurant.be\/fr\/reserver\/\" class=\"nm_btn nm_btn_lg nm_btn_filled\" title=\"R\u00c9SERVER\">\n\t\t\t\t\t<span class=\"nm_btn_title\">R\u00c9SERVEZ VOTRE TABLE<\/span>\n\t\t\t\t\t<span class=\"nm_btn_bg\"><\/span>\n\t\t\t\t<\/a>\n\t\t\t<\/div>[\/vc_column][vc_column width=\u00a0\u00bb3\/4&Prime;][vc_column_text]<strong>Taste Nature<\/strong><\/p>\n<p>Bienvenue dans cette exp\u00e9rience culinaire o\u00f9 nous ne proposons que des menus, mettant en valeur les d\u00e9lices saisonniers de la r\u00e9gion. De plus, notre terrasse ensoleill\u00e9e, \u00e0 l&rsquo;abri des regards et dans un environnement calme, vous offre un cadre idyllique pour profiter pleinement de votre repas.<\/p>\n<p>Au d\u00e9jeuner, nos lunchs sont disponibles en 2, 3 ou 4 services, tandis que le soir, nos menus sont propos\u00e9s \u00e0 partir de 4 services jusqu&rsquo;\u00e0 7 services.<\/p>\n<p>Nous sommes \u00e9galement attentifs aux besoins alimentaires sp\u00e9cifiques. Si vous nous informez au moins 48 heures \u00e0 l&rsquo;avance de vos allergies, nous adapterons nos menus en cons\u00e9quence pour assurer une exp\u00e9rience culinaire s\u00fbre et agr\u00e9able pour vous.<\/p>\n<p>De plus, nous proposons des privatisations pour des groupes \u00e0 partir de 20 personnes, ainsi que des menus sp\u00e9ciaux sur demande.<\/p>\n<p>Nous vous souhaitons la bienvenue et esp\u00e9rons que vous appr\u00e9cierez chaque instant de cette exp\u00e9rience.<\/p>\n<p>Chef C\u00e9dric, Marine &amp; l\u2019\u00e9quipe du Oh[\/vc_column_text][\/vc_column][\/vc_row][vc_row][vc_column][vc_empty_space height=\u00a0\u00bb75px\u00a0\u00bb][vc_empty_space height=\u00a0\u00bb45px\u00a0\u00bb][\/vc_column][\/vc_row][vc_row][vc_column][\/vc_column][vc_column width=\u00a0\u00bb1\/4&Prime;][vc_single_image image=\u00a0\u00bb3839&Prime; img_size=\u00a0\u00bbfull\u00a0\u00bb][\/vc_column][vc_column width=\u00a0\u00bb3\/4&Prime;][vc_column_text]<strong>A propos de nous<\/strong><\/p>\n<p>Bienvenue au Oh Restaurant,<\/p>\n<p>Nich\u00e9 au c\u0153ur de la ville, le Oh Restaurant est bien plus qu&rsquo;un simple restaurant. C&rsquo;est un lieu o\u00f9 la passion pour la gastronomie rencontre l&rsquo;accueil chaleureux et l&rsquo;exp\u00e9rience culinaire inoubliable.<\/p>\n<p>Derri\u00e8re chaque plat d\u00e9licieusement pr\u00e9par\u00e9 se cachent les propri\u00e9taires, un couple fran\u00e7ais passionn\u00e9 par l&rsquo;art de la cuisine et du service. D&rsquo;un c\u00f4t\u00e9, vous avez le chef, dont le parcours atypique l&rsquo;a men\u00e9 \u00e0 une formation autodidacte dans les cuisines des palaces du monde entier. Sa cuisine se distingue par la revisite audacieuse de plats traditionnels, offrant ainsi une exp\u00e9rience gustative unique \u00e0 chaque convive.<\/p>\n<p>De l&rsquo;autre c\u00f4t\u00e9, vous rencontrerez la femme du chef, qui a apport\u00e9 sa propre touche \u00e0 l&rsquo;exp\u00e9rience. Ancienne sp\u00e9cialiste logistique, elle a entrepris un voyage de d\u00e9couverte dans le monde de l\u2019\u0153nologie et de la gastronomie, cherchant \u00e0 offrir \u00e0 nos clients une exp\u00e9rience compl\u00e8te et enrichissante. Sa passion pour les vins du monde entier se traduit par une s\u00e9lection exquise, parfaitement accord\u00e9e avec les plats pr\u00e9par\u00e9s par son \u00e9poux.<\/p>\n<p>Au Oh restaurant, notre mot d&rsquo;ordre est de rendre la gastronomie accessible \u00e0 tous. Nous croyons fermement que chacun devrait pouvoir savourer une cuisine raffin\u00e9e dans une atmosph\u00e8re conviviale et d\u00e9tendue. Nous vous invitons \u00e0 venir passer un bon moment en notre compagnie, \u00e0 d\u00e9couvrir de nouveaux ingr\u00e9dients, \u00e0 explorer des saveurs exotiques et \u00e0 d\u00e9guster une s\u00e9lection exceptionnelle d&rsquo;\u00e9pices, de poivres et de vins provenant des quatre coins du globe.<\/p>\n<p>Que vous soyez un amateur de gastronomie aguerri ou simplement \u00e0 la recherche d&rsquo;une exp\u00e9rience culinaire m\u00e9morable, Le Oh Restaurant vous promet une escapade sensorielle incomparable.<\/p>\n<p>Venez nous rejoindre et laissez-nous vous guider \u00e0 travers un voyage gustatif inoubliable.<\/p>\n<p>Chef C\u00e9dric et Marine[\/vc_column_text][\/vc_column][\/vc_row][vc_row][vc_column][vc_empty_space height=\u00a0\u00bb75px\u00a0\u00bb][vc_empty_space height=\u00a0\u00bb45px\u00a0\u00bb][\/vc_column][\/vc_row][vc_row][vc_column][vc_empty_space height=\u00a0\u00bb45px\u00a0\u00bb][\/vc_column][\/vc_row]<\/p>\n","protected":false},"excerpt":{"rendered":"<p>[vc_row][vc_column][vc_empty_space height=\u00a0\u00bb45px\u00a0\u00bb][vc_column_text] Restaurant [\/vc_column_text][vc_empty_space height=\u00a0\u00bb45px\u00a0\u00bb][\/vc_column][\/vc_row][vc_row][vc_column width=\u00a0\u00bb1\/4&Prime;][\/vc_column][vc_column width=\u00a0\u00bb3\/4&Prime;][vc_column_text]Taste Nature Bienvenue dans cette exp\u00e9rience culinaire o\u00f9 nous ne proposons que des menus, mettant en valeur les d\u00e9lices saisonniers de la r\u00e9gion. De plus, notre terrasse ensoleill\u00e9e, \u00e0 l&rsquo;abri des regards et dans un environnement calme, vous offre un cadre idyllique pour profiter pleinement de votre repas. Au &hellip;<\/p>\n","protected":false},"author":1,"featured_media":0,"parent":0,"menu_order":0,"comment_status":"closed","ping_status":"closed","template":"templates\/menu.php","meta":{"inline_featured_image":false,"footnotes":""},"class_list":["post-571","page","type-page","status-publish","hentry"],"yoast_head":"<!-- This site is optimized with the Yoast SEO plugin v24.1 - https:\/\/yoast.com\/wordpress\/plugins\/seo\/ -->\n<title>RESTAURANT - Oh Restaurant<\/title>\n<meta name=\"robots\" content=\"index, follow, max-snippet:-1, max-image-preview:large, max-video-preview:-1\" \/>\n<link rel=\"canonical\" href=\"https:\/\/www.ohrestaurant.be\/fr\/restaurant\/\" \/>\n<meta property=\"og:locale\" content=\"fr_FR\" \/>\n<meta property=\"og:type\" content=\"article\" \/>\n<meta property=\"og:title\" content=\"RESTAURANT - Oh Restaurant\" \/>\n<meta property=\"og:description\" content=\"[vc_row][vc_column][vc_empty_space height=\u00a0\u00bb45px\u00a0\u00bb][vc_column_text] Restaurant [\/vc_column_text][vc_empty_space height=\u00a0\u00bb45px\u00a0\u00bb][\/vc_column][\/vc_row][vc_row][vc_column width=\u00a0\u00bb1\/4&Prime;][\/vc_column][vc_column width=\u00a0\u00bb3\/4&Prime;][vc_column_text]Taste Nature Bienvenue dans cette exp\u00e9rience culinaire o\u00f9 nous ne proposons que des menus, mettant en valeur les d\u00e9lices saisonniers de la r\u00e9gion. De plus, notre terrasse ensoleill\u00e9e, \u00e0 l&rsquo;abri des regards et dans un environnement calme, vous offre un cadre idyllique pour profiter pleinement de votre repas. Au &hellip;\" \/>\n<meta property=\"og:url\" content=\"https:\/\/www.ohrestaurant.be\/fr\/restaurant\/\" \/>\n<meta property=\"og:site_name\" content=\"Oh Restaurant\" \/>\n<meta property=\"article:modified_time\" content=\"2024-03-20T15:02:54+00:00\" \/>\n<meta property=\"og:image\" content=\"https:\/\/www.ohrestaurant.be\/wp-content\/uploads\/2020\/12\/Carpaccio-van-Franse-Sint-Jacobsmossel-met-avruga-kaviaar-Foto-3.jpg\" \/>\n\t<meta property=\"og:image:width\" content=\"1152\" \/>\n\t<meta property=\"og:image:height\" content=\"768\" \/>\n\t<meta property=\"og:image:type\" content=\"image\/jpeg\" \/>\n<meta name=\"twitter:card\" content=\"summary_large_image\" \/>\n<meta name=\"twitter:label1\" content=\"Dur\u00e9e de lecture estim\u00e9e\" \/>\n\t<meta name=\"twitter:data1\" content=\"3 minutes\" \/>\n<script type=\"application\/ld+json\" class=\"yoast-schema-graph\">{\"@context\":\"https:\/\/schema.org\",\"@graph\":[{\"@type\":\"WebPage\",\"@id\":\"https:\/\/www.ohrestaurant.be\/fr\/restaurant\/\",\"url\":\"https:\/\/www.ohrestaurant.be\/fr\/restaurant\/\",\"name\":\"RESTAURANT - Oh Restaurant\",\"isPartOf\":{\"@id\":\"https:\/\/www.ohrestaurant.be\/#website\"},\"datePublished\":\"2020-11-15T16:27:40+00:00\",\"dateModified\":\"2024-03-20T15:02:54+00:00\",\"breadcrumb\":{\"@id\":\"https:\/\/www.ohrestaurant.be\/fr\/restaurant\/#breadcrumb\"},\"inLanguage\":\"fr-FR\",\"potentialAction\":[{\"@type\":\"ReadAction\",\"target\":[\"https:\/\/www.ohrestaurant.be\/fr\/restaurant\/\"]}]},{\"@type\":\"BreadcrumbList\",\"@id\":\"https:\/\/www.ohrestaurant.be\/fr\/restaurant\/#breadcrumb\",\"itemListElement\":[{\"@type\":\"ListItem\",\"position\":1,\"name\":\"Home\",\"item\":\"https:\/\/www.ohrestaurant.be\/fr\/\"},{\"@type\":\"ListItem\",\"position\":2,\"name\":\"RESTAURANT\"}]},{\"@type\":\"WebSite\",\"@id\":\"https:\/\/www.ohrestaurant.be\/#website\",\"url\":\"https:\/\/www.ohrestaurant.be\/\",\"name\":\"Oh Restaurant\",\"description\":\"Koksijde - Sint-Idesbald\",\"potentialAction\":[{\"@type\":\"SearchAction\",\"target\":{\"@type\":\"EntryPoint\",\"urlTemplate\":\"https:\/\/www.ohrestaurant.be\/?s={search_term_string}\"},\"query-input\":{\"@type\":\"PropertyValueSpecification\",\"valueRequired\":true,\"valueName\":\"search_term_string\"}}],\"inLanguage\":\"fr-FR\"}]}<\/script>\n<!-- \/ Yoast SEO plugin. -->","yoast_head_json":{"title":"RESTAURANT - Oh Restaurant","robots":{"index":"index","follow":"follow","max-snippet":"max-snippet:-1","max-image-preview":"max-image-preview:large","max-video-preview":"max-video-preview:-1"},"canonical":"https:\/\/www.ohrestaurant.be\/fr\/restaurant\/","og_locale":"fr_FR","og_type":"article","og_title":"RESTAURANT - Oh Restaurant","og_description":"[vc_row][vc_column][vc_empty_space height=\u00a0\u00bb45px\u00a0\u00bb][vc_column_text] Restaurant [\/vc_column_text][vc_empty_space height=\u00a0\u00bb45px\u00a0\u00bb][\/vc_column][\/vc_row][vc_row][vc_column width=\u00a0\u00bb1\/4&Prime;][\/vc_column][vc_column width=\u00a0\u00bb3\/4&Prime;][vc_column_text]Taste Nature Bienvenue dans cette exp\u00e9rience culinaire o\u00f9 nous ne proposons que des menus, mettant en valeur les d\u00e9lices saisonniers de la r\u00e9gion. De plus, notre terrasse ensoleill\u00e9e, \u00e0 l&rsquo;abri des regards et dans un environnement calme, vous offre un cadre idyllique pour profiter pleinement de votre repas. Au &hellip;","og_url":"https:\/\/www.ohrestaurant.be\/fr\/restaurant\/","og_site_name":"Oh Restaurant","article_modified_time":"2024-03-20T15:02:54+00:00","og_image":[{"width":1152,"height":768,"url":"https:\/\/www.ohrestaurant.be\/wp-content\/uploads\/2020\/12\/Carpaccio-van-Franse-Sint-Jacobsmossel-met-avruga-kaviaar-Foto-3.jpg","type":"image\/jpeg"}],"twitter_card":"summary_large_image","twitter_misc":{"Dur\u00e9e de lecture estim\u00e9e":"3 minutes"},"schema":{"@context":"https:\/\/schema.org","@graph":[{"@type":"WebPage","@id":"https:\/\/www.ohrestaurant.be\/fr\/restaurant\/","url":"https:\/\/www.ohrestaurant.be\/fr\/restaurant\/","name":"RESTAURANT - Oh Restaurant","isPartOf":{"@id":"https:\/\/www.ohrestaurant.be\/#website"},"datePublished":"2020-11-15T16:27:40+00:00","dateModified":"2024-03-20T15:02:54+00:00","breadcrumb":{"@id":"https:\/\/www.ohrestaurant.be\/fr\/restaurant\/#breadcrumb"},"inLanguage":"fr-FR","potentialAction":[{"@type":"ReadAction","target":["https:\/\/www.ohrestaurant.be\/fr\/restaurant\/"]}]},{"@type":"BreadcrumbList","@id":"https:\/\/www.ohrestaurant.be\/fr\/restaurant\/#breadcrumb","itemListElement":[{"@type":"ListItem","position":1,"name":"Home","item":"https:\/\/www.ohrestaurant.be\/fr\/"},{"@type":"ListItem","position":2,"name":"RESTAURANT"}]},{"@type":"WebSite","@id":"https:\/\/www.ohrestaurant.be\/#website","url":"https:\/\/www.ohrestaurant.be\/","name":"Oh Restaurant","description":"Koksijde - Sint-Idesbald","potentialAction":[{"@type":"SearchAction","target":{"@type":"EntryPoint","urlTemplate":"https:\/\/www.ohrestaurant.be\/?s={search_term_string}"},"query-input":{"@type":"PropertyValueSpecification","valueRequired":true,"valueName":"search_term_string"}}],"inLanguage":"fr-FR"}]}},"_links":{"self":[{"href":"https:\/\/www.ohrestaurant.be\/fr\/wp-json\/wp\/v2\/pages\/571","targetHints":{"allow":["GET"]}}],"collection":[{"href":"https:\/\/www.ohrestaurant.be\/fr\/wp-json\/wp\/v2\/pages"}],"about":[{"href":"https:\/\/www.ohrestaurant.be\/fr\/wp-json\/wp\/v2\/types\/page"}],"author":[{"embeddable":true,"href":"https:\/\/www.ohrestaurant.be\/fr\/wp-json\/wp\/v2\/users\/1"}],"replies":[{"embeddable":true,"href":"https:\/\/www.ohrestaurant.be\/fr\/wp-json\/wp\/v2\/comments?post=571"}],"version-history":[{"count":20,"href":"https:\/\/www.ohrestaurant.be\/fr\/wp-json\/wp\/v2\/pages\/571\/revisions"}],"predecessor-version":[{"id":3849,"href":"https:\/\/www.ohrestaurant.be\/fr\/wp-json\/wp\/v2\/pages\/571\/revisions\/3849"}],"wp:attachment":[{"href":"https:\/\/www.ohrestaurant.be\/fr\/wp-json\/wp\/v2\/media?parent=571"}],"curies":[{"name":"wp","href":"https:\/\/api.w.org\/{rel}","templated":true}]}}